{"id":699,"date":"2020-06-13T20:20:47","date_gmt":"2020-06-13T18:20:47","guid":{"rendered":"https:\/\/lawconsult.ee\/?page_id=699"},"modified":"2020-06-13T20:20:47","modified_gmt":"2020-06-13T18:20:47","slug":"kupsiste-poliitika","status":"publish","type":"page","link":"https:\/\/lawconsult.ee\/kupsiste-poliitika\/","title":{"rendered":"K\u00fcpsiste poliitika"},"content":{"rendered":"<div class=\"cli_pg_page_contaner\">\n<h3>K\u00fcspsitega seonduvad asjaolud<\/h3>\n<div>Siinkohal me soovime selgitada, mis ned k\u00fcpsised on ja kuidas me neid kasutame. Te peaksite k\u00e4esoleva dokumendi l\u00e4bi lugema, et m\u00f5ista, mis need k\u00fcpsised on, kuidas me neid kasutame, mis t\u00fc\u00fcpi k\u00fcpsiseid me kasutame ehk missugust infot me kogume ja kuidas seda informatsiooni kasutatakse. T\u00e4psemalt lugege antud teema kohta privaatsuspoliitiika lehek\u00fcljelt.Te v\u00f5ite iga kell meie lehelt lahkuda ning lahkudes kustuvad ka teie andmed. Ainsad andmed mida me kogume, on blogi kasutajate registreeringud- seda lihtsal eesm\u00e4rgil- et Teie ei peaks iga kord uuesti registreeruma.\u00a0Teie n\u00f5usolek kehtib ainult allj\u00e4rgneva veebilehe kohta: lawconsult.ee<div class=\"cli_user_consent_state\">Your current state: No consent given. <a class=\"cli_manage_current_consent\" style=\"cursor:pointer;text-decoration:underline;\">Manage your consent.<\/a> <\/div><\/div>\n<h3>Mis need k\u00fcpsised on ?<\/h3>\n<div>K\u00fcpisised on v\u00e4ikesed tekstidokumendid, mida kasutatakse v\u00e4ikesemahulise info salvestamiseks. K\u00fcpsis salvestatakse veebilehe avamisel Teie seadmesse. Meie jaoks on k\u00fcpsised t\u00e4htsad, kuna aitavad meie veebilehel kiiremini avaneda ning t\u00e4iustavad veebilehe funktsionaalsust. Samas saame me oma veebilehte turvalisemana hoida ning need aitavad meil tuvastada veebilehe n\u00f5rku k\u00fclgi.<\/div>\n<h3>Kuidas me k\u00fcpsiseid kasutame ?<\/h3>\n<div>Enamus veebilehti kasutavad k\u00fcpsiseid. K\u00fcpsised jaotuvad esimese osapoole k\u00fcpsisteks ja kolmanda osapoole k\u00fcpsisteks. Esimese osapoole k\u00fcpsised on m\u00f5eldud m\u00f5istmaks veebilehe funktsionaalsust ning ei kogu mingit personaalset informatsiooni.Kolmanda osapoole k\u00fcpsised on m\u00f5eldud ennek\u00f5ike veebilehe mugavamaks kasutamiseks ning kohati v\u00f5ivad kanda ka suunatud reklaami n\u00e4itamise eesm\u00e4rki.<\/div>\n<div><\/div>\n<h3>Mis on meil seost k\u00fcpsistega?<\/h3>\n<div>Seoses 25. mail 2018 j\u00f5ustunud Euroopa Liidu uue isikuandmete kaitse \u00fcldm\u00e4\u00e4rusega (EL) 2016\/679 soovime kliente t\u00e4psemalt teavitada sellest, kuidas me\u00a0 klientide isikuandmeid kasutame.Kes on isikuandmete vastutav t\u00f6\u00f6tleja?Isikuandmete vastutav t\u00f6\u00f6tleja ja kasutaja on \u00d5IGUSN\u00d5U O\u00dc, registrikood 12331587Kes on klient?Klient on f\u00fc\u00fcsiline v\u00f5i juriidiline isik, kes on registreerinud ennast veebilehel kasutajaks v\u00f5i k\u00fclastanud www.lawconsult.ee veebilehteMilliseid isikuandmeid ja mis eesm\u00e4rgil me t\u00f6\u00f6tleme?Me ei t\u00f6\u00f6tle mingeid isikuandmeid. Antud k\u00fcpsiste poliitika on seadusest tulenev ning me teavitame Teid, kuna vastav seadus seda n\u00f5uab.\u00a0Kui kaua me kliendi isikuandmeid s\u00e4ilitame?S\u00e4ilitame kliendi isikuandmeid seni, kuni klient annab teada, et soovib kustutada oma wordressi konto.Milliseid turvameetmeid me kliendi isikuandmete kaitsmiseks kasutame?Kliendi isikuandmete kaitseks v\u00f5tame kasutusele sobivad tehnilised ja korralduslikud turvameetmed, mis aitavad kaitsta kliendi isikuandmeid ja takistavad volitamata isikute juurdep\u00e4\u00e4su.Kellele me kliendi andmeid edastame?Me ei m\u00fc\u00fc, ei anna kasutusse, ei levita ega edasta muul viisil kliendi isikuandmeid kolmandatele isikutele.Volitatud t\u00f6\u00f6tlejatena on kliendi andmetele juurdep\u00e4\u00e4s ainult asjakohastel juhtudel ja ulatuses meie IT-teenuse pakkujal\u00a0Kliendil on alati \u00f5igus p\u00f6\u00f6rduda meie poole, et saada teavet oma isikuandmete t\u00f6\u00f6tlemise kohta. Isikuandmete kaitse \u00fcldm\u00e4\u00e4ruse alusel on kliendil muuhulgas j\u00e4rgmised \u00f5igused:\u00f5igus teada, milliseid isikuandmeid me t\u00f6\u00f6tleme ja paluda neist koopiat;\u00f5igus paluda parandada valeandmed v\u00f5i isikuandmed kustutada;\u00f5igus esitada vastuv\u00e4iteid oma isikuandmete t\u00f6\u00f6tlemise kohta ja n\u00f5uda nende t\u00f6\u00f6tlemise piiramist.\u00a0Kui klient soovib enda andmete kasutamise kohta kaebuse esitada, saab ta p\u00f6\u00f6rduda Eesti Andmekaitse Inspektsiooni poole.<\/div>\n<\/div>\n","protected":false},"excerpt":{"rendered":"<p>K\u00fcspsitega seonduvad asjaolud Siinkohal me soovime selgitada, mis ned k\u00fcpsised on ja kuidas me neid kasutame. Te peaksite k\u00e4esoleva dokumendi l\u00e4bi lugema, et m\u00f5ista, mis need k\u00fcpsised on, kuidas me neid kasutame, mis t\u00fc\u00fcpi k\u00fcpsiseid me kasutame ehk missugust infot me kogume ja kuidas seda informatsiooni kasutatakse. T\u00e4psemalt lugege antud teema kohta privaatsuspoliitiika lehek\u00fcljelt.Te v\u00f5ite&hellip;&nbsp;<a href=\"https:\/\/lawconsult.ee\/kupsiste-poliitika\/\" rel=\"bookmark\">Read More &raquo;<span class=\"screen-reader-text\">K\u00fcpsiste poliitika<\/span><\/a><\/p>\n","protected":false},"author":1,"featured_media":0,"parent":0,"menu_order":0,"comment_status":"closed","ping_status":"closed","template":"","meta":{"neve_meta_sidebar":"","neve_meta_container":"","neve_meta_enable_content_width":"off","neve_meta_content_width":0,"neve_meta_title_alignment":"","neve_meta_author_avatar":"","neve_post_elements_order":"","neve_meta_disable_header":"","neve_meta_disable_footer":"","neve_meta_disable_title":"","footnotes":""},"yst_prominent_words":[509,521,515,497,517,493,256,503,499,523,501,505,525,495,489,513,491,511,519,507],"class_list":["post-699","page","type-page","status-publish","hentry"],"yoast_head":"<!-- This site is optimized with the Yoast SEO Premium plugin v14.1 - https:\/\/yoast.com\/wordpress\/plugins\/seo\/ -->\n<title>K\u00fcpsiste poliitika &ndash; Lawconsult &Otilde;igusn&otilde;u &amp; &Otilde;igusabi<\/title>\n<meta name=\"robots\" content=\"index, follow\" \/>\n<meta name=\"googlebot\" content=\"index, follow, max-snippet:-1, max-image-preview:large, max-video-preview:-1\" \/>\n<meta name=\"bingbot\" content=\"index, follow, max-snippet:-1, max-image-preview:large, max-video-preview:-1\" \/>\n<link rel=\"canonical\" href=\"https:\/\/lawconsult.ee\/kupsiste-poliitika\/\" \/>\n<meta property=\"og:locale\" content=\"en_US\" \/>\n<meta property=\"og:type\" content=\"article\" \/>\n<meta property=\"og:title\" content=\"K\u00fcpsiste poliitika &ndash; Lawconsult &Otilde;igusn&otilde;u &amp; &Otilde;igusabi\" \/>\n<meta property=\"og:description\" content=\"K\u00fcspsitega seonduvad asjaolud Siinkohal me soovime selgitada, mis ned k\u00fcpsised on ja kuidas me neid kasutame. Te peaksite k\u00e4esoleva dokumendi l\u00e4bi lugema, et m\u00f5ista, mis need k\u00fcpsised on, kuidas me neid kasutame, mis t\u00fc\u00fcpi k\u00fcpsiseid me kasutame ehk missugust infot me kogume ja kuidas seda informatsiooni kasutatakse. T\u00e4psemalt lugege antud teema kohta privaatsuspoliitiika lehek\u00fcljelt.Te v\u00f5ite&hellip;&nbsp;Read More &raquo;K\u00fcpsiste poliitika\" \/>\n<meta property=\"og:url\" content=\"https:\/\/lawconsult.ee\/kupsiste-poliitika\/\" \/>\n<meta property=\"og:site_name\" content=\"Lawconsult &Otilde;igusn&otilde;u &amp; &Otilde;igusabi\" \/>\n<meta property=\"article:publisher\" content=\"https:\/\/www.facebook.com\/LawConsult.ee\" \/>\n<meta name=\"twitter:card\" content=\"summary_large_image\" \/>\n<script type=\"application\/ld+json\" class=\"yoast-schema-graph\">{\"@context\":\"https:\/\/schema.org\",\"@graph\":[{\"@type\":\"Organization\",\"@id\":\"https:\/\/lawconsult.ee\/#organization\",\"name\":\"\\u00d5IGUSN\\u00d5U O\\u00dc\",\"url\":\"https:\/\/lawconsult.ee\/\",\"sameAs\":[\"https:\/\/www.facebook.com\/LawConsult.ee\"],\"logo\":{\"@type\":\"ImageObject\",\"@id\":\"https:\/\/lawconsult.ee\/#logo\",\"inLanguage\":\"en\",\"url\":\"https:\/\/lawconsult.ee\/wp-content\/uploads\/2020\/06\/Oigusnou_oigusabi_Lawconsult_logo_vaike-e1592068833172.png\",\"width\":240,\"height\":137,\"caption\":\"\\u00d5IGUSN\\u00d5U O\\u00dc\"},\"image\":{\"@id\":\"https:\/\/lawconsult.ee\/#logo\"}},{\"@type\":\"WebSite\",\"@id\":\"https:\/\/lawconsult.ee\/#website\",\"url\":\"https:\/\/lawconsult.ee\/\",\"name\":\"Lawconsult \\u00d5igusn\\u00f5u- Kvaliteetne \\u00f5igusabi tel:+37255589344; lawconsult@lawconsult.ee\",\"description\":\"&Otilde;igusn&otilde;u - Jurist - &Otilde;igusabi\",\"publisher\":{\"@id\":\"https:\/\/lawconsult.ee\/#organization\"},\"potentialAction\":[{\"@type\":\"SearchAction\",\"target\":\"https:\/\/lawconsult.ee\/?s={search_term_string}\",\"query-input\":\"required name=search_term_string\"}],\"inLanguage\":\"en\"},{\"@type\":\"WebPage\",\"@id\":\"https:\/\/lawconsult.ee\/kupsiste-poliitika\/#webpage\",\"url\":\"https:\/\/lawconsult.ee\/kupsiste-poliitika\/\",\"name\":\"K\\u00fcpsiste poliitika &ndash; Lawconsult &Otilde;igusn&otilde;u &amp; &Otilde;igusabi\",\"isPartOf\":{\"@id\":\"https:\/\/lawconsult.ee\/#website\"},\"datePublished\":\"2020-06-13T18:20:47+00:00\",\"dateModified\":\"2020-06-13T18:20:47+00:00\",\"inLanguage\":\"en\",\"potentialAction\":[{\"@type\":\"ReadAction\",\"target\":[\"https:\/\/lawconsult.ee\/kupsiste-poliitika\/\"]}]}]}<\/script>\n<!-- \/ Yoast SEO Premium plugin. -->","jetpack_sharing_enabled":true,"_links":{"self":[{"href":"https:\/\/lawconsult.ee\/wp-json\/wp\/v2\/pages\/699","targetHints":{"allow":["GET"]}}],"collection":[{"href":"https:\/\/lawconsult.ee\/wp-json\/wp\/v2\/pages"}],"about":[{"href":"https:\/\/lawconsult.ee\/wp-json\/wp\/v2\/types\/page"}],"author":[{"embeddable":true,"href":"https:\/\/lawconsult.ee\/wp-json\/wp\/v2\/users\/1"}],"replies":[{"embeddable":true,"href":"https:\/\/lawconsult.ee\/wp-json\/wp\/v2\/comments?post=699"}],"version-history":[{"count":1,"href":"https:\/\/lawconsult.ee\/wp-json\/wp\/v2\/pages\/699\/revisions"}],"predecessor-version":[{"id":700,"href":"https:\/\/lawconsult.ee\/wp-json\/wp\/v2\/pages\/699\/revisions\/700"}],"wp:attachment":[{"href":"https:\/\/lawconsult.ee\/wp-json\/wp\/v2\/media?parent=699"}],"wp:term":[{"taxonomy":"yst_prominent_words","embeddable":true,"href":"https:\/\/lawconsult.ee\/wp-json\/wp\/v2\/yst_prominent_words?post=699"}],"curies":[{"name":"wp","href":"https:\/\/api.w.org\/{rel}","templated":true}]}}